{"id":1043,"date":"2017-08-22T05:12:04","date_gmt":"2017-08-22T02:12:04","guid":{"rendered":"https:\/\/kysely.niemikoti.fi\/?page_id=1043"},"modified":"2025-11-13T12:53:54","modified_gmt":"2025-11-13T10:53:54","slug":"customer-satisfaction-survey","status":"publish","type":"page","link":"https:\/\/kysely.niemikoti.fi\/en\/customer-satisfaction-survey\/","title":{"rendered":"Customer Satisfaction Survey"},"content":{"rendered":"","protected":true},"excerpt":{"rendered":"","protected":true},"author":2,"featured_media":0,"parent":0,"menu_order":5,"comment_status":"closed","ping_status":"closed","template":"","meta":{"_kad_blocks_custom_css":"","_kad_blocks_head_custom_js":"","_kad_blocks_body_custom_js":"","_kad_blocks_footer_custom_js":"","_kad_post_transparent":"","_kad_post_title":"","_kad_post_layout":"","_kad_post_sidebar_id":"","_kad_post_content_style":"","_kad_post_vertical_padding":"","_kad_post_feature":"","_kad_post_feature_position":"","_kad_post_header":false,"_kad_post_footer":false,"_kad_post_classname":"","footnotes":"","_links_to":"","_links_to_target":""},"class_list":["post-1043","page","type-page","status-publish","post-password-required","hentry"],"taxonomy_info":[],"featured_image_src_large":false,"author_info":{"display_name":"Niemikotis\u00e4\u00e4ti\u00f6n viestint\u00e4","author_link":"https:\/\/kysely.niemikoti.fi\/en\/author\/katjalampela\/"},"comment_info":0,"_links":{"self":[{"href":"https:\/\/kysely.niemikoti.fi\/en\/wp-json\/wp\/v2\/pages\/1043","targetHints":{"allow":["GET"]}}],"collection":[{"href":"https:\/\/kysely.niemikoti.fi\/en\/wp-json\/wp\/v2\/pages"}],"about":[{"href":"https:\/\/kysely.niemikoti.fi\/en\/wp-json\/wp\/v2\/types\/page"}],"author":[{"embeddable":true,"href":"https:\/\/kysely.niemikoti.fi\/en\/wp-json\/wp\/v2\/users\/2"}],"replies":[{"embeddable":true,"href":"https:\/\/kysely.niemikoti.fi\/en\/wp-json\/wp\/v2\/comments?post=1043"}],"version-history":[{"count":3,"href":"https:\/\/kysely.niemikoti.fi\/en\/wp-json\/wp\/v2\/pages\/1043\/revisions"}],"predecessor-version":[{"id":1077,"href":"https:\/\/kysely.niemikoti.fi\/en\/wp-json\/wp\/v2\/pages\/1043\/revisions\/1077"}],"wp:attachment":[{"href":"https:\/\/kysely.niemikoti.fi\/en\/wp-json\/wp\/v2\/media?parent=1043"}],"curies":[{"name":"wp","href":"https:\/\/api.w.org\/{rel}","templated":true}]}}